{"id":85,"date":"2025-03-06T15:45:43","date_gmt":"2025-03-06T15:45:43","guid":{"rendered":"https:\/\/drivniv.com\/?page_id=85"},"modified":"2025-03-06T15:46:10","modified_gmt":"2025-03-06T15:46:10","slug":"about","status":"publish","type":"page","link":"https:\/\/drivniv.com\/es\/about\/","title":{"rendered":"Acerca de"},"content":{"rendered":"<p>Bienvenido a <strong>Drivniv<\/strong>Tu sitio de confianza para todo lo relacionado con tecnolog\u00eda, apps m\u00f3viles y avances digitales. Ya sea que busques rese\u00f1as detalladas de apps, an\u00e1lisis de gadgets de expertos o las \u00faltimas novedades en tecnolog\u00eda emergente, te ofrecemos informaci\u00f3n actualizada y bien documentada para ayudarte a estar a la vanguardia en el cambiante mundo digital.<\/p>\n\n\n\n<h2 class=\"wp-block-heading\">Quienes somos<\/h2>\n\n\n\n<p>En <strong>Drivniv<\/strong>La tecnolog\u00eda no es solo un tema, es nuestra pasi\u00f3n. Nuestro equipo est\u00e1 formado por entusiastas de la tecnolog\u00eda, investigadores y analistas dedicados que se apasionan por explorar las \u00faltimas tendencias en software, aplicaciones m\u00f3viles y tecnolog\u00eda de consumo. Desglosamos los avances complejos en informaci\u00f3n clara y comprensible, ayudando a los lectores a navegar por el panorama digital con confianza.<\/p>\n\n\n\n<p>Desde destacar las aplicaciones imprescindibles hasta ofrecer perspectivas expertas sobre dispositivos de vanguardia, garantizamos que nuestra audiencia tenga acceso a informaci\u00f3n precisa y completa. Tanto si eres un usuario ocasional como un apasionado de la tecnolog\u00eda, nuestro objetivo es brindarte los conocimientos necesarios para tomar decisiones informadas en un entorno digital en constante evoluci\u00f3n.<\/p>\n\n\n\n<h2 class=\"wp-block-heading\">Lo que encontrar\u00e1s en Drivniv<\/h2>\n\n\n\n<p>Atendemos una amplia gama de intereses tecnol\u00f3gicos, ofreciendo contenido accesible y perspicaz. Esto es lo que puede esperar:<\/p>\n\n\n\n<h3 class=\"wp-block-heading\">\ud83d\udd39 Selecciones de aplicaciones y gadgets seleccionados<\/h3>\n\n\n\n<p>\u00bfBuscas las mejores apps para productividad, entretenimiento o comodidad diaria? Seleccionamos y recomendamos apps y gadgets destacados que mejoran tu experiencia digital.<\/p>\n\n\n\n<h3 class=\"wp-block-heading\">\ud83d\udd39 Gu\u00edas t\u00e9cnicas paso a paso<\/h3>\n\n\n\n<p>Domine sus aplicaciones y software favoritos con nuestros tutoriales f\u00e1ciles de seguir, consejos de expertos y gu\u00edas pr\u00e1cticas que lo ayudar\u00e1n a aprovechar al m\u00e1ximo su tecnolog\u00eda.<\/p>\n\n\n\n<h3 class=\"wp-block-heading\">\ud83d\udd39 \u00daltimas noticias y actualizaciones de la industria<\/h3>\n\n\n\n<p>Mant\u00e9ngase informado con una cobertura oportuna de lanzamientos de aplicaciones, actualizaciones de software e innovaciones revolucionarias que dan forma a la industria tecnol\u00f3gica.<\/p>\n\n\n\n<h3 class=\"wp-block-heading\">\ud83d\udd39 An\u00e1lisis tecnol\u00f3gico en profundidad<\/h3>\n\n\n\n<p>Desde los avances en inteligencia artificial hasta los cambios en seguridad digital y las tendencias emergentes, ofrecemos informes bien investigados sobre el futuro de la tecnolog\u00eda.<\/p>\n\n\n\n<h3 class=\"wp-block-heading\">\ud83d\udd39 Rese\u00f1as imparciales y respaldadas por investigaciones<\/h3>\n\n\n\n<p>Ofrecemos rese\u00f1as honestas y basadas en datos de aplicaciones, plataformas y herramientas digitales, lo que garantiza que obtenga informaci\u00f3n transparente para tomar las mejores decisiones.<\/p>\n\n\n\n<h2 class=\"wp-block-heading\">Aviso legal<\/h2>\n\n\n\n<p>Drivniv opera como una <strong>independiente<\/strong> fuente de conocimientos tecnol\u00f3gicos y es <strong>no afiliado<\/strong> con cualquier empresa, marca o producto mencionado en nuestra plataforma. Cada rese\u00f1a, gu\u00eda y recomendaci\u00f3n se basa en una investigaci\u00f3n exhaustiva y un an\u00e1lisis objetivo, con el objetivo de ofrecer... <strong>confiable<\/strong> y <strong>valioso<\/strong> Informaci\u00f3n a nuestros lectores.<\/p>\n\n\n\n<p>Nuestro contenido es <strong>estrictamente con fines informativos<\/strong> y no constituye respaldo, patrocinio ni garant\u00eda de ning\u00fan producto o servicio. Si bien nos esforzamos por mantener la precisi\u00f3n y la imparcialidad, animamos a los lectores a explorar diversas fuentes y realizar su propia investigaci\u00f3n antes de tomar decisiones de compra o uso. <strong>Drivniv<\/strong>Nuestra misi\u00f3n es simple: <strong>para brindarle conocimiento, mantenerlo informado y garantizar que siempre est\u00e9 a la vanguardia en el mundo digital.<\/strong><\/p>","protected":false},"excerpt":{"rendered":"<p>Bienvenido a Drivniv, tu sitio de confianza para todo lo relacionado con tecnolog\u00eda, apps m\u00f3viles y avances digitales. Ya sea que busques an\u00e1lisis detallados de apps, an\u00e1lisis de gadgets de expertos o las \u00faltimas novedades sobre tecnolog\u00eda emergente, te ofrecemos informaci\u00f3n actualizada y bien documentada para ayudarte a mantenerte a la vanguardia en el cambiante mundo digital. Qui\u00e9nes somos En Drivniv, la tecnolog\u00eda no es [\u2026]<\/p>","protected":false},"author":3,"featured_media":0,"parent":0,"menu_order":0,"comment_status":"closed","ping_status":"closed","template":"","meta":{"footnotes":""},"yoast_head":"<!-- This site is optimized with the Yoast SEO plugin v23.3 - https:\/\/yoast.com\/wordpress\/plugins\/seo\/ -->\n<title>About - Drivniv<\/title>\n<meta name=\"robots\" content=\"index, follow, max-snippet:-1, max-image-preview:large, max-video-preview:-1\" \/>\n<link rel=\"canonical\" href=\"https:\/\/drivniv.com\/es\/about\/\" \/>\n<meta property=\"og:locale\" content=\"es_MX\" \/>\n<meta property=\"og:type\" content=\"article\" \/>\n<meta property=\"og:title\" content=\"About - Drivniv\" \/>\n<meta property=\"og:description\" content=\"Welcome to Drivniv, your trusted destination for all things tech, mobile apps, and digital advancements. Whether you\u2019re looking for in-depth app reviews, expert gadget analyses, or the latest insights into emerging technology, we bring you well-researched, up-to-date information to help you stay ahead in the fast-evolving digital world. Who We Are At Drivniv, technology isn&#8217;t [&hellip;]\" \/>\n<meta property=\"og:url\" content=\"https:\/\/drivniv.com\/es\/about\/\" \/>\n<meta property=\"og:site_name\" content=\"Drivniv\" \/>\n<meta property=\"article:modified_time\" content=\"2025-03-06T15:46:10+00:00\" \/>\n<meta name=\"twitter:card\" content=\"summary_large_image\" \/>\n<meta name=\"twitter:label1\" content=\"Est. reading time\" \/>\n\t<meta name=\"twitter:data1\" content=\"2 minutos\" \/>\n<script type=\"application\/ld+json\" class=\"yoast-schema-graph\">{\"@context\":\"https:\/\/schema.org\",\"@graph\":[{\"@type\":\"WebPage\",\"@id\":\"https:\/\/drivniv.com\/about\/\",\"url\":\"https:\/\/drivniv.com\/about\/\",\"name\":\"About - Drivniv\",\"isPartOf\":{\"@id\":\"https:\/\/drivniv.com\/#website\"},\"datePublished\":\"2025-03-06T15:45:43+00:00\",\"dateModified\":\"2025-03-06T15:46:10+00:00\",\"breadcrumb\":{\"@id\":\"https:\/\/drivniv.com\/about\/#breadcrumb\"},\"inLanguage\":\"es-MX\",\"potentialAction\":[{\"@type\":\"ReadAction\",\"target\":[\"https:\/\/drivniv.com\/about\/\"]}]},{\"@type\":\"BreadcrumbList\",\"@id\":\"https:\/\/drivniv.com\/about\/#breadcrumb\",\"itemListElement\":[{\"@type\":\"ListItem\",\"position\":1,\"name\":\"Home\",\"item\":\"https:\/\/drivniv.com\/\"},{\"@type\":\"ListItem\",\"position\":2,\"name\":\"About\"}]},{\"@type\":\"WebSite\",\"@id\":\"https:\/\/drivniv.com\/#website\",\"url\":\"https:\/\/drivniv.com\/\",\"name\":\"Drivniv\",\"description\":\"\",\"potentialAction\":[{\"@type\":\"SearchAction\",\"target\":{\"@type\":\"EntryPoint\",\"urlTemplate\":\"https:\/\/drivniv.com\/?s={search_term_string}\"},\"query-input\":\"required name=search_term_string\"}],\"inLanguage\":\"es-MX\"}]}<\/script>\n<!-- \/ Yoast SEO plugin. -->","yoast_head_json":{"title":"About - Drivniv","robots":{"index":"index","follow":"follow","max-snippet":"max-snippet:-1","max-image-preview":"max-image-preview:large","max-video-preview":"max-video-preview:-1"},"canonical":"https:\/\/drivniv.com\/es\/about\/","og_locale":"es_MX","og_type":"article","og_title":"About - Drivniv","og_description":"Welcome to Drivniv, your trusted destination for all things tech, mobile apps, and digital advancements. Whether you\u2019re looking for in-depth app reviews, expert gadget analyses, or the latest insights into emerging technology, we bring you well-researched, up-to-date information to help you stay ahead in the fast-evolving digital world. Who We Are At Drivniv, technology isn&#8217;t [&hellip;]","og_url":"https:\/\/drivniv.com\/es\/about\/","og_site_name":"Drivniv","article_modified_time":"2025-03-06T15:46:10+00:00","twitter_card":"summary_large_image","twitter_misc":{"Est. reading time":"2 minutos"},"schema":{"@context":"https:\/\/schema.org","@graph":[{"@type":"WebPage","@id":"https:\/\/drivniv.com\/about\/","url":"https:\/\/drivniv.com\/about\/","name":"About - Drivniv","isPartOf":{"@id":"https:\/\/drivniv.com\/#website"},"datePublished":"2025-03-06T15:45:43+00:00","dateModified":"2025-03-06T15:46:10+00:00","breadcrumb":{"@id":"https:\/\/drivniv.com\/about\/#breadcrumb"},"inLanguage":"es-MX","potentialAction":[{"@type":"ReadAction","target":["https:\/\/drivniv.com\/about\/"]}]},{"@type":"BreadcrumbList","@id":"https:\/\/drivniv.com\/about\/#breadcrumb","itemListElement":[{"@type":"ListItem","position":1,"name":"Home","item":"https:\/\/drivniv.com\/"},{"@type":"ListItem","position":2,"name":"About"}]},{"@type":"WebSite","@id":"https:\/\/drivniv.com\/#website","url":"https:\/\/drivniv.com\/","name":"Drivniv","description":"","potentialAction":[{"@type":"SearchAction","target":{"@type":"EntryPoint","urlTemplate":"https:\/\/drivniv.com\/?s={search_term_string}"},"query-input":"required name=search_term_string"}],"inLanguage":"es-MX"}]}},"_links":{"self":[{"href":"https:\/\/drivniv.com\/es\/wp-json\/wp\/v2\/pages\/85"}],"collection":[{"href":"https:\/\/drivniv.com\/es\/wp-json\/wp\/v2\/pages"}],"about":[{"href":"https:\/\/drivniv.com\/es\/wp-json\/wp\/v2\/types\/page"}],"author":[{"embeddable":true,"href":"https:\/\/drivniv.com\/es\/wp-json\/wp\/v2\/users\/3"}],"replies":[{"embeddable":true,"href":"https:\/\/drivniv.com\/es\/wp-json\/wp\/v2\/comments?post=85"}],"version-history":[{"count":1,"href":"https:\/\/drivniv.com\/es\/wp-json\/wp\/v2\/pages\/85\/revisions"}],"predecessor-version":[{"id":86,"href":"https:\/\/drivniv.com\/es\/wp-json\/wp\/v2\/pages\/85\/revisions\/86"}],"wp:attachment":[{"href":"https:\/\/drivniv.com\/es\/wp-json\/wp\/v2\/media?parent=85"}],"curies":[{"name":"wp","href":"https:\/\/api.w.org\/{rel}","templated":true}]}}